{"id":993,"date":"2022-09-09T12:02:26","date_gmt":"2022-09-09T16:02:26","guid":{"rendered":"https:\/\/santenationhealth.ca\/forms\/"},"modified":"2023-04-05T07:02:49","modified_gmt":"2023-04-05T11:02:49","slug":"formulaires","status":"publish","type":"page","link":"https:\/\/santenationhealth.ca\/fr\/formulaires\/","title":{"rendered":"Formulaires"},"content":{"rendered":"[vc_row fullwidth=\u00a0\u00bbtrue\u00a0\u00bb fullwidth_content=\u00a0\u00bbfalse\u00a0\u00bb el_class=\u00a0\u00bbpadding-top-bottom-100&Prime;][vc_column][vc_column_text css=\u00a0\u00bb.vc_custom_1662739752219{margin-bottom: 0px !important;}\u00a0\u00bb]\n<h2 class=\"smaller-h2\" style=\"text-align: center;\"><span style=\"font-weight: bold; letter-spacing: 5px; font-size: 20px; line-height: 1.2;\">NOS <\/span><span style=\"font-weight: 300; letter-spacing: 5px; font-size: 20px; line-height: 1.2;\">FORMULAIRES<\/span><\/h2>\n[\/vc_column_text][vc_separator color=\u00a0\u00bbcustom\u00a0\u00bb border_width=\u00a0\u00bb5&Prime; el_width=\u00a0\u00bb10&Prime; accent_color=\u00a0\u00bb#96c93d\u00a0\u00bb][vc_column_text el_class=\u00a0\u00bbpadding-top-bottom-30 col-spacing\u00a0\u00bb css=\u00a0\u00bb.vc_custom_1662739765162{margin-bottom: 0px !important;}\u00a0\u00bb]\n<p style=\"text-align: center;\">Voici une liste de formulaires qui pourraient vous aider :<\/p>\n[\/vc_column_text][vc_row_inner el_class=\u00a0\u00bbpadding-top-bottom-30&Prime;][vc_column_inner el_class=\u00a0\u00bbpadding-bottom-20&Prime; width=\u00a0\u00bb1\/2&Prime; offset=\u00a0\u00bbvc_col-lg-3&Prime;][vc_single_image image=\u00a0\u00bb981&Prime; img_size=\u00a0\u00bbmedium\u00a0\u00bb alignment=\u00a0\u00bbcenter\u00a0\u00bb onclick=\u00a0\u00bbcustom_link\u00a0\u00bb img_link_target=\u00a0\u00bb_blank\u00a0\u00bb link=\u00a0\u00bbhttps:\/\/santenationhealth.ca\/wp-content\/uploads\/2022\/09\/nation-health-centre-consent-to-release-medical-records.pdf\u00a0\u00bb][vc_separator color=\u00a0\u00bbcustom\u00a0\u00bb border_width=\u00a0\u00bb5&Prime; el_width=\u00a0\u00bb20&Prime; accent_color=\u00a0\u00bb#96c93d\u00a0\u00bb][vc_column_text align=\u00a0\u00bbcenter\u00a0\u00bb css=\u00a0\u00bb.vc_custom_1662739813566{margin-bottom: 0px !important;}\u00a0\u00bb]\n<h3 class=\"smaller-h2\" style=\"text-align: center;\"><a href=\"https:\/\/santenationhealth.ca\/wp-content\/uploads\/2022\/09\/nation-health-centre-consent-to-release-medical-records.pdf\">Consentement \u00e0 la divulgation des renseignements personnels sur la sant\u00e9<\/a><\/h3>\n[\/vc_column_text][vc_btn title=\u00a0\u00bbT\u00c9L\u00c9CHARGER\u00a0\u00bb style=\u00a0\u00bbcustom\u00a0\u00bb custom_background=\u00a0\u00bb#96c93d\u00a0\u00bb custom_text=\u00a0\u00bb#ffffff\u00a0\u00bb shape=\u00a0\u00bbround\u00a0\u00bb size=\u00a0\u00bblg\u00a0\u00bb align=\u00a0\u00bbcenter\u00a0\u00bb link=\u00a0\u00bburl:https%3A%2F%2Fsantenationhealth.ca%2Fwp-content%2Fuploads%2F2022%2F09%2Fnation-health-centre-consent-to-release-medical-records.pdf||target:%20_blank|\u00a0\u00bb css=\u00a0\u00bb.vc_custom_1662739778410{margin-bottom: 10px !important;}\u00a0\u00bb][\/vc_column_inner][\/vc_row_inner][\/vc_column][\/vc_row][vc_row][vc_column]<div class=\"templatera_shortcode\"><style type=\"text\/css\" data-type=\"vc_shortcodes-custom-css\">.vc_custom_1501701108628{background-color: #262626 !important;}.vc_custom_1663091277828{margin-bottom: 0px !important;}.vc_custom_1510684740691{margin-bottom: 0px !important;}<\/style>\n<div  data-mk-full-width=\"true\" data-mk-full-width-init=\"false\" class=\"wpb_row vc_row vc_row-fluid  mk-fullwidth-true  attched-false padding-top-bottom-100 margin-top-footer   vc_custom_1501701108628  js-master-row \">\n\t\t\t<div class=\"mk-grid\">\n\t\t\t\t\n<div class=\"vc_col-sm-12 wpb_column column_container   _ height-full\">\n\t\n\n<div class=\"wpb_row vc_inner vc_row vc_row-fluid    attched-false   \">\n\t\t\t\t<div class=\"mk-grid\">\n\t\t\n\t\t<div class=\"wpb_column vc_column_container vc_col-sm-5\"><div class=\"vc_column-inner\"><div class=\"wpb_wrapper\">\n\t<div  class=\"wpb_single_image wpb_content_element vc_align_left\">\n\t\t\n\t\t<figure class=\"wpb_wrapper vc_figure\">\n\t\t\t<div class=\"vc_single_image-wrapper   vc_box_border_grey\"><img loading=\"lazy\" decoding=\"async\" width=\"295\" height=\"94\" src=\"https:\/\/santenationhealth.ca\/wp-content\/uploads\/2017\/07\/nation-health-logo-footer-1.png\" class=\"vc_single_image-img attachment-full\" alt=\"\" title=\"Nation Health Logo Footer\" itemprop=\"image\" \/><\/div>\n\t\t<\/figure>\n\t<\/div>\n<div class=\"vc_icon_element vc_icon_element-outer vc_icon_element-align-left vc_icon_element-have-style\"><div class=\"vc_icon_element-inner vc_icon_element-color-black vc_icon_element-have-style-inner vc_icon_element-size-xs vc_icon_element-style-rounded vc_icon_element-background vc_icon_element-background-color-white\" ><span class=\"vc_icon_element-icon fa fa-facebook\" ><\/span><\/div><\/div><\/div><\/div><\/div><div class=\"wpb_column vc_column_container vc_col-sm-3\"><div class=\"vc_column-inner\"><div class=\"wpb_wrapper\">\t<div class=\" vc_custom_1663091277828\">\n\n<div id=\"text-block-2\" class=\"mk-text-block   \">\n\n\t\n\t<p><span style=\"color: #ffffff;\">NAVIGATION<\/span><\/p>\n<p><a href=\"\/fr\/rendez-vous\/\"><span style=\"color: #ffffff;\">Rendez-vous<\/span><\/a><br \/>\n<a href=\"\/fr\/rendez-vous\/\"><span style=\"color: #96c93d;\"> \u00a0 \u00a0 \u2013 Prenez un rendez-vous!<\/span><\/a><br \/>\n<a href=\"\/fr\/services\/\"><span style=\"color: #ffffff;\"> Services<\/span><\/a><br \/>\n<a href=\"\/fr\/clinique\/\"><span style=\"color: #ffffff;\"> Clinique<\/span><\/a><br \/>\n<a href=\"\/fr\/annonce-importante-patients-du-dr-samson-dr-taheraly\/\"><span style=\"color: #ffffff;\"> Annonces<\/span><\/a><\/p>\n\n\t<div class=\"clearboth\"><\/div>\n<\/div>\n\n\t<\/div>\n<\/div><\/div><\/div><div class=\"wpb_column vc_column_container vc_col-sm-4\"><div class=\"vc_column-inner\"><div class=\"wpb_wrapper\">\t<div class=\" vc_custom_1510684740691\">\n\n<div id=\"text-block-3\" class=\"mk-text-block   \">\n\n\t\n\t<p><span style=\"color: #ffffff;\">INFORMATION<\/span><\/p>\n<p><span style=\"color: #96c93d;\">Appelez-nous :<\/span> <a href=\"tel:6137149899\"><span style=\"color: #ffffff;\">+1 (613) 714-9899<\/span><\/a><br \/>\n<span style=\"color: #96c93d;\">Envoyez-nous une t\u00e9l\u00e9copie :<\/span> <a href=\"tel:6132122233\"><span style=\"color: #ffffff;\">+1 (613) 212-2233<\/span><\/a><br \/>\n<span style=\"color: #96c93d;\">Visitez-nous :<\/span> <a href=\"https:\/\/www.google.ca\/maps\/place\/601+Limoges+Rd+%23300,+Limoges,+ON+K0A+2M0\/@45.3263051,-75.251274,17z\/data=!3m1!4b1!4m5!3m4!1s0x4cce7a20ab383eff:0xbe95a49a0459fc9c!8m2!3d45.3263051!4d-75.2490853\"><span style=\"color: #ffffff;\">601 Limoges Road, suite 300, Limoges, Ontario, K0A 2M0<\/span><\/a><br \/>\n<span style=\"color: #96c93d;\">Contactez-nous :<\/span> <a href=\"mailto:info@santenationhealth.ca\"><span style=\"color: #ffffff;\">info@santenationhealth.ca<\/span><\/a><\/p>\n\n\t<div class=\"clearboth\"><\/div>\n<\/div>\n\n\t<\/div>\n<\/div><\/div><\/div>\t\t\n\t\t<\/div>\t\n\t\t\n<\/div>\n<\/div>\n\t\t\t<\/div>\n\t<\/div>\n<div class=\"vc_row-full-width vc_clearfix\"><\/div><\/div>[\/vc_column][\/vc_row]\n","protected":false},"excerpt":{"rendered":"NOS FORMULAIRES Voici une liste de formulaires qui pourraient vous aider : Consentement \u00e0 la divulgation des renseignements personnels sur la sant\u00e9 T\u00c9L\u00c9CHARGER NAVIGATION Rendez-vous \u00a0 \u00a0 \u2013 Prenez un rendez-vous! Services Clinique Annonces INFORMATION Appelez-nous : +1 (613) 714-9899 Envoyez-nous une t\u00e9l\u00e9copie : +1 (613) 212-2233 Visitez-nous : 601 Limoges Road, suite 300, Limoges, [...]","protected":false},"author":1,"featured_media":0,"parent":0,"menu_order":0,"comment_status":"closed","ping_status":"closed","template":"","meta":{"footnotes":""},"class_list":["post-993","page","type-page","status-publish","hentry"],"_links":{"self":[{"href":"https:\/\/santenationhealth.ca\/fr\/wp-json\/wp\/v2\/pages\/993","targetHints":{"allow":["GET"]}}],"collection":[{"href":"https:\/\/santenationhealth.ca\/fr\/wp-json\/wp\/v2\/pages"}],"about":[{"href":"https:\/\/santenationhealth.ca\/fr\/wp-json\/wp\/v2\/types\/page"}],"author":[{"embeddable":true,"href":"https:\/\/santenationhealth.ca\/fr\/wp-json\/wp\/v2\/users\/1"}],"replies":[{"embeddable":true,"href":"https:\/\/santenationhealth.ca\/fr\/wp-json\/wp\/v2\/comments?post=993"}],"version-history":[{"count":3,"href":"https:\/\/santenationhealth.ca\/fr\/wp-json\/wp\/v2\/pages\/993\/revisions"}],"predecessor-version":[{"id":1018,"href":"https:\/\/santenationhealth.ca\/fr\/wp-json\/wp\/v2\/pages\/993\/revisions\/1018"}],"wp:attachment":[{"href":"https:\/\/santenationhealth.ca\/fr\/wp-json\/wp\/v2\/media?parent=993"}],"curies":[{"name":"wp","href":"https:\/\/api.w.org\/{rel}","templated":true}]}}