{"id":400,"date":"2017-07-18T20:20:56","date_gmt":"2017-07-18T20:20:56","guid":{"rendered":"http:\/\/santenationhealth.ca\/services\/"},"modified":"2025-03-21T10:23:44","modified_gmt":"2025-03-21T14:23:44","slug":"services","status":"publish","type":"page","link":"https:\/\/santenationhealth.ca\/fr\/services\/","title":{"rendered":"Services"},"content":{"rendered":"[mk_page_section bg_image=\u00a0\u00bb\/wp-content\/uploads\/2017\/07\/santenationhealth-services-hero.jpg\u00a0\u00bb bg_position=\u00a0\u00bbcenter center\u00a0\u00bb bg_repeat=\u00a0\u00bbno-repeat\u00a0\u00bb bg_stretch=\u00a0\u00bbtrue\u00a0\u00bb full_height=\u00a0\u00bbtrue\u00a0\u00bb sidebar=\u00a0\u00bbsidebar-1&Prime;][vc_column el_class=\u00a0\u00bbpadding-top-banner\u00a0\u00bb][mk_fancy_title tag_name=\u00a0\u00bbspan\u00a0\u00bb color=\u00a0\u00bb#ffffff\u00a0\u00bb size=\u00a0\u00bb50&Prime; force_font_size=\u00a0\u00bbtrue\u00a0\u00bb size_smallscreen=\u00a0\u00bb50&Prime; size_phone=\u00a0\u00bb35&Prime; letter_spacing=\u00a0\u00bb5&Prime; font_family=\u00a0\u00bbnone\u00a0\u00bb responsive_align=\u00a0\u00bbleft\u00a0\u00bb]<span style=\"font-weight: bold;\">NOUS AVONS <\/span>BEAUCOUP \u00c0 VOUS OFFRIR[\/mk_fancy_title][vc_column_text]<span style=\"color: #ffffff;\"><span style=\"font-weight: 300; font-family: Roboto; letter-spacing: 5px; font-size: 40px; line-height: 1.2;\">REGARDEZ!<\/span><\/span>[\/vc_column_text][vc_separator color=\u00a0\u00bbcustom\u00a0\u00bb align=\u00a0\u00bbalign_left\u00a0\u00bb border_width=\u00a0\u00bb5&Prime; el_width=\u00a0\u00bb10&Prime; accent_color=\u00a0\u00bb#96c93d\u00a0\u00bb][\/vc_column][\/mk_page_section][vc_row fullwidth=\u00a0\u00bbtrue\u00a0\u00bb fullwidth_content=\u00a0\u00bbfalse\u00a0\u00bb el_class=\u00a0\u00bbpadding-top-bottom-100&Prime;][vc_column][vc_column_text]\n<h1 class=\"smaller-h2\" style=\"text-align: center;\"><span style=\"font-weight: bold; letter-spacing: 5px; font-size: 20px; line-height: 1.2;\">NOS <\/span><span style=\"font-weight: 300; letter-spacing: 5px; font-size: 20px; line-height: 1.2;\">SERVICES<\/span><\/h1>\n[\/vc_column_text][vc_separator color=\u00a0\u00bbcustom\u00a0\u00bb border_width=\u00a0\u00bb5&Prime; el_width=\u00a0\u00bb10&Prime; accent_color=\u00a0\u00bb#96c93d\u00a0\u00bb][vc_column_text align=\u00a0\u00bbcenter\u00a0\u00bb el_class=\u00a0\u00bbpadding-top-bottom-30 col-spacing\u00a0\u00bb]Sant\u00e9 Nation offre une large gamme de services m\u00e9dicaux, accessibles \u00e0 tous. Prenez un rendez-vous avec votre m\u00e9decin.[\/vc_column_text][\/vc_column][\/vc_row][vc_row][vc_column width=\u00a0\u00bb1\/4&Prime; offset=\u00a0\u00bbvc_col-lg-3&Prime;][mk_custom_box min_height=\u00a0\u00bb305&Prime; el_class=\u00a0\u00bbhover-shadow\u00a0\u00bb][vc_single_image image=\u00a0\u00bb884&Prime; img_size=\u00a0\u00bb100&#215;100&Prime; alignment=\u00a0\u00bbcenter\u00a0\u00bb][vc_column_text align=\u00a0\u00bbcenter\u00a0\u00bb css=\u00a0\u00bb.vc_custom_1742567004057{margin-bottom: 0px !important;}\u00a0\u00bb]M\u00e9decine familiale[\/vc_column_text][vc_separator color=\u00a0\u00bbcustom\u00a0\u00bb border_width=\u00a0\u00bb5&Prime; el_width=\u00a0\u00bb20&Prime; accent_color=\u00a0\u00bb#96c93d\u00a0\u00bb][\/mk_custom_box][\/vc_column][vc_column width=\u00a0\u00bb1\/4&Prime; offset=\u00a0\u00bbvc_col-lg-3&Prime;][mk_custom_box min_height=\u00a0\u00bb305&Prime; el_class=\u00a0\u00bbhover-shadow\u00a0\u00bb][vc_single_image image=\u00a0\u00bb1161&Prime; img_size=\u00a0\u00bb100&#215;100&Prime; alignment=\u00a0\u00bbcenter\u00a0\u00bb][vc_column_text align=\u00a0\u00bbcenter\u00a0\u00bb css=\u00a0\u00bb.vc_custom_1742567013579{margin-bottom: 0px !important;}\u00a0\u00bb]R\u00e9habilitation[\/vc_column_text][vc_separator color=\u00a0\u00bbcustom\u00a0\u00bb border_width=\u00a0\u00bb5&Prime; el_width=\u00a0\u00bb20&Prime; accent_color=\u00a0\u00bb#96c93d\u00a0\u00bb][\/mk_custom_box][\/vc_column][\/vc_row][vc_row fullwidth=\u00a0\u00bbtrue\u00a0\u00bb fullwidth_content=\u00a0\u00bbfalse\u00a0\u00bb][vc_column]<div class=\"templatera_shortcode\"><style type=\"text\/css\" data-type=\"vc_shortcodes-custom-css\">.vc_custom_1500582912739{background-image: url(\/wp-content\/uploads\/2017\/07\/santenationhealth-cta-didntfindwhatlooking2.jpg?id=142) !important;background-position: center !important;background-repeat: no-repeat !important;background-size: cover !important;}.vc_custom_1500582916785{background-image: url(\/wp-content\/uploads\/2017\/07\/santenationhealth-cta-findmoreaboutfees.jpg?id=143) !important;background-position: center !important;background-repeat: no-repeat !important;background-size: cover !important;}.vc_custom_1502201907356{margin-bottom: 10px !important;}.vc_custom_1502201916714{margin-bottom: 10px !important;}<\/style>\n<div  data-mk-full-width=\"true\" data-mk-full-width-init=\"false\" data-mk-stretch-content=\"true\" class=\"wpb_row vc_row vc_row-fluid  mk-fullwidth-true add-padding-0 attched-true     js-master-row  mk-full-content-true\">\n\t\t\t\t\n<div class=\"vc_col-sm-6 padding-top-bottom-100 col-spacing min-height-380 wpb_column column_container vc_custom_1500582912739  _ height-full\">\n\t\n<div id=\"text-block-2\" class=\"mk-text-block   \">\n\n\t\n\t<p style=\"text-align: center;\"><span style=\"color: #ffffff;\"><span style=\"font-weight: 300; font-family: Roboto; letter-spacing: 5px; font-size: 20px; line-height: 1.2;\">VOUS AVEZ ENCORE DES QUESTIONS?<\/span><\/span><\/p>\n\n\t<div class=\"clearboth\"><\/div>\n<\/div>\n\n<div class=\"vc_separator wpb_content_element vc_separator_align_center vc_sep_width_50 vc_sep_border_width_2 vc_sep_pos_align_center vc_separator_no_text vc_sep_color_white  custom-separator-5\" ><span class=\"vc_sep_holder vc_sep_holder_l\"><span  class=\"vc_sep_line\"><\/span><\/span><span class=\"vc_sep_holder vc_sep_holder_r\"><span  class=\"vc_sep_line\"><\/span><\/span>\n<\/div><div class=\"vc_btn3-container vc_btn3-center vc_custom_1502201907356\" ><a class=\"vc_general vc_btn3 vc_btn3-size-lg vc_btn3-shape-round vc_btn3-style-outline vc_btn3-color-white\" href=\"http:\/\/santenationhealth.ca\/fr\/contact\/\" title=\"\">POSEZ-LES NOUS!<\/a><\/div><\/div>\n\n<div class=\"vc_col-sm-6 padding-top-bottom-100 col-spacing min-height-380 wpb_column column_container vc_custom_1500582916785  _ height-full\">\n\t\n<div id=\"text-block-4\" class=\"mk-text-block   \">\n\n\t\n\t<p style=\"text-align: center;\"><span style=\"color: #ffffff;\"><span style=\"font-weight: 300; font-family: Roboto; letter-spacing: 5px; font-size: 20px; line-height: 1.2;\">DES QUESTIONS CONCERNANT LES<\/span><span style=\"font-weight: bold; font-family: Roboto; letter-spacing: 5px; font-size: 20px; line-height: 1.2;\"> FRAIS ?<\/span><\/span><\/p>\n\n\t<div class=\"clearboth\"><\/div>\n<\/div>\n\n<div class=\"vc_separator wpb_content_element vc_separator_align_center vc_sep_width_50 vc_sep_border_width_2 vc_sep_pos_align_center vc_separator_no_text vc_sep_color_white  custom-separator-5\" ><span class=\"vc_sep_holder vc_sep_holder_l\"><span  class=\"vc_sep_line\"><\/span><\/span><span class=\"vc_sep_holder vc_sep_holder_r\"><span  class=\"vc_sep_line\"><\/span><\/span>\n<\/div><div class=\"vc_btn3-container  custom-btn-style-2 text-color-dark font-weight-semibold vc_btn3-center vc_custom_1502201916714\" ><a class=\"vc_general vc_btn3 vc_btn3-size-lg vc_btn3-shape-round vc_btn3-style-outline vc_btn3-color-white\" href=\"http:\/\/santenationhealth.ca\/fr\/services\/frais\/\" title=\"\">VOIR NOS TARIFS<\/a><\/div><\/div>\n\t<\/div>\n<div class=\"vc_row-full-width vc_clearfix\"><\/div><\/div>[\/vc_column][\/vc_row][vc_row fullwidth=\u00a0\u00bbtrue\u00a0\u00bb fullwidth_content=\u00a0\u00bbfalse\u00a0\u00bb][vc_column]<div class=\"templatera_shortcode\"><style type=\"text\/css\" data-type=\"vc_shortcodes-custom-css\">.vc_custom_1680693187757{padding-top: 40px !important;padding-bottom: 40px !important;}.vc_custom_1500311213789{background-color: #262626 !important;}.vc_custom_1680693142146{margin-bottom: 0px !important;}.vc_custom_1500316593875{background-color: #ffffff !important;}.vc_custom_1500317359194{background-image: url(\/wp-content\/uploads\/2017\/07\/santenationhealth-cta-requestcallback.jpg?id=34) !important;background-position: center !important;background-repeat: no-repeat !important;background-size: cover !important;}.vc_custom_1500316710441{padding-top: 32px !important;padding-bottom: 31px !important;}.vc_custom_1680693175638{margin-bottom: 0px !important;}.vc_custom_1663091292702{margin-bottom: 0px !important;}.vc_custom_1510683859277{margin-bottom: 0px !important;}<\/style>\n<div  data-mk-stretch-content=\"true\" class=\"wpb_row vc_row vc_row-fluid  mk-fullwidth-false  attched-false    vc_custom_1680693187757  js-master-row  mk-grid\">\n\t\t\t\t\n<div class=\"vc_col-sm-12 wpb_column column_container   _ height-full\">\n\t\t<div class=\" vc_custom_1680693142146\">\n\n<div id=\"text-block-6\" class=\"mk-text-block   \">\n\n\t\n\t<p style=\"text-align: center; font-size: 22px;\"><strong>Les heures d'ouverture de notre clinique ont r\u00e9cemment chang\u00e9. Veuillez consulter notre page <a href=\"https:\/\/santenationhealth.ca\/fr\/contact\/\">Contactez-nous<\/a> pour plus d'informations.<\/strong><\/p>\n\n\t<div class=\"clearboth\"><\/div>\n<\/div>\n\n\t<\/div>\n<\/div>\n\t<\/div>\n\n<div  data-mk-stretch-content=\"true\" class=\"wpb_row vc_row vc_row-fluid  mk-fullwidth-false  attched-false     js-master-row  mk-grid\">\n\t\t\t\t\n<div class=\"vc_col-sm-10 vc_col-lg-offset-2 vc_col-lg-8 vc_col-md-offset-1 vc_col-md-10 vc_col-sm-offset-1 vc_col-xs-offset-1 vc_col-xs-10 wpb_column column_container   _ height-full\">\n\t\n\n<div class=\"wpb_row vc_inner vc_row vc_row-fluid  custom-venue-address min-height-250  attched-false   vc_custom_1500316593875 \">\n\t\t\n\t\t<div class=\"wpb_column vc_column_container vc_col-sm-6 vc_hidden-xs vc_col-has-fill\"><div class=\"vc_column-inner vc_custom_1500317359194\"><div class=\"wpb_wrapper\">\n<div id=\"text-block-8\" class=\"mk-text-block   col-spacing\">\n\n\t\n\t<p><span style=\"font-weight: bold; letter-spacing: 5px; font-size: 20px; line-height: 1.2; color: #ffffff;\">PRENEZ UN RENDEZ-VOUS<\/span><\/p>\n\n\t<div class=\"clearboth\"><\/div>\n<\/div>\n\n\n<div id=\"text-block-9\" class=\"mk-text-block   col-spacing padding-top-bottom-30\">\n\n\t\n\t<p><span style=\"color: #ffffff;\">Nous sommes l\u00e0 pour vous aider.<\/span><\/p>\n\n\t<div class=\"clearboth\"><\/div>\n<\/div>\n\n<div class=\"vc_btn3-container vc_btn3-center\" ><a class=\"vc_general vc_btn3 vc_btn3-size-md vc_btn3-shape-round vc_btn3-style-outline vc_btn3-color-white\" href=\"http:\/\/santenationhealth.ca\/fr\/rendez-vous\/\" title=\"\">CLIQUEZ-ICI<\/a><\/div><\/div><\/div><\/div><div class=\"wpb_column vc_column_container vc_col-sm-6 vc_hidden-xs\"><div class=\"vc_column-inner vc_custom_1500316710441\"><div class=\"wpb_wrapper\">\n<div id=\"text-block-10\" class=\"mk-text-block   \">\n\n\t\n\t<h3 class=\"smaller-h2\"><span style=\"text-align: center; font-weight: bold; letter-spacing: 5px; font-size: 20px; line-height: 1.2;\">HEURES D'OUVERTURE<\/span><\/h3>\n\n\t<div class=\"clearboth\"><\/div>\n<\/div>\n\n\t<div class=\" vc_custom_1680693175638\">\n\n<div id=\"text-block-11\" class=\"mk-text-block   \">\n\n\t\n\t<p>Du lundi au jeudi - de 8h00 \u00e0 20h00<br \/>\nVendredi - 8h00 \u00e0 16h00<br \/>\nSamedi - de 9h00 \u00e0 12h00<br \/>\nDimanche - Ferm\u00e9<br \/>\n<em>La clinique est ferm\u00e9e entre 12h00 et 13h00 pour l'heure du d\u00eener.<\/em><\/p>\n\n\t<div class=\"clearboth\"><\/div>\n<\/div>\n\n\t<\/div>\n<\/div><\/div><\/div>\t\t\n<\/div>\n<\/div>\n\t<\/div>\n\n<div  data-mk-full-width=\"true\" data-mk-full-width-init=\"false\" class=\"wpb_row vc_row vc_row-fluid  mk-fullwidth-true  attched-false padding-top-bottom-100   vc_custom_1500311213789  js-master-row \">\n\t\t\t<div class=\"mk-grid\">\n\t\t\t\t\n<div class=\"vc_col-sm-12 wpb_column column_container   _ height-full\">\n\t\n\n<div class=\"wpb_row vc_inner vc_row vc_row-fluid    attched-false   \">\n\t\t\t\t<div class=\"mk-grid\">\n\t\t\n\t\t<div class=\"wpb_column vc_column_container vc_col-sm-5\"><div class=\"vc_column-inner\"><div class=\"wpb_wrapper\">\n\t<div  class=\"wpb_single_image wpb_content_element vc_align_left\">\n\t\t\n\t\t<figure class=\"wpb_wrapper vc_figure\">\n\t\t\t<div class=\"vc_single_image-wrapper   vc_box_border_grey\"><img loading=\"lazy\" decoding=\"async\" width=\"295\" height=\"94\" src=\"https:\/\/santenationhealth.ca\/wp-content\/uploads\/2017\/07\/nation-health-logo-footer-1.png\" class=\"vc_single_image-img attachment-full\" alt=\"\" title=\"Nation Health Logo Footer\" itemprop=\"image\" \/><\/div>\n\t\t<\/figure>\n\t<\/div>\n<div class=\"vc_icon_element vc_icon_element-outer vc_icon_element-align-left vc_icon_element-have-style\"><div class=\"vc_icon_element-inner vc_icon_element-color-black vc_icon_element-have-style-inner vc_icon_element-size-xs vc_icon_element-style-rounded vc_icon_element-background vc_icon_element-background-color-white\" ><span class=\"vc_icon_element-icon fa fa-facebook\" ><\/span><\/div><\/div><\/div><\/div><\/div><div class=\"wpb_column vc_column_container vc_col-sm-3\"><div class=\"vc_column-inner\"><div class=\"wpb_wrapper\">\t<div class=\" vc_custom_1663091292702\">\n\n<div id=\"text-block-13\" class=\"mk-text-block   \">\n\n\t\n\t<p><span style=\"color: #ffffff;\">NAVIGATION<\/span><\/p>\n<p><a href=\"\/fr\/rendez-vous\/\"><span style=\"color: #ffffff;\">Rendez-vous<\/span><\/a><br \/>\n<a href=\"\/fr\/rendez-vous\/\"><span style=\"color: #96c93d;\"> \u00a0 \u00a0 \u2013 Prenez un rendez-vous!<\/span><\/a><br \/>\n<a href=\"\/fr\/services\/\"><span style=\"color: #ffffff;\"> Services<\/span><\/a><br \/>\n<a href=\"\/fr\/clinique\/\"><span style=\"color: #ffffff;\"> Clinique<\/span><\/a><br \/>\n<a href=\"\/fr\/annonce-importante-patients-du-dr-samson-dr-taheraly\/\"><span style=\"color: #ffffff;\"> Annonces<\/span><\/a><\/p>\n\n\t<div class=\"clearboth\"><\/div>\n<\/div>\n\n\t<\/div>\n<\/div><\/div><\/div><div class=\"wpb_column vc_column_container vc_col-sm-4\"><div class=\"vc_column-inner\"><div class=\"wpb_wrapper\">\t<div class=\" vc_custom_1510683859277\">\n\n<div id=\"text-block-14\" class=\"mk-text-block   \">\n\n\t\n\t<p><span style=\"color: #ffffff;\">INFORMATION<\/span><\/p>\n<p><span style=\"color: #96c93d;\">Appelez-nous :<\/span> <a href=\"tel:6137149899\"><span style=\"color: #ffffff;\">+1 (613) 714-9899<\/span><\/a><br \/>\n<span style=\"color: #96c93d;\">Envoyez-nous une t\u00e9l\u00e9copie :<\/span> <a href=\"tel:6132122233\"><span style=\"color: #ffffff;\">+1 (613) 212-2233<\/span><\/a><br \/>\n<span style=\"color: #96c93d;\">Visitez-nous :<\/span> <a href=\"https:\/\/www.google.ca\/maps\/place\/601+Limoges+Rd+%23300,+Limoges,+ON+K0A+2M0\/@45.3263051,-75.251274,17z\/data=!3m1!4b1!4m5!3m4!1s0x4cce7a20ab383eff:0xbe95a49a0459fc9c!8m2!3d45.3263051!4d-75.2490853\"><span style=\"color: #ffffff;\">601 Limoges Road, suite 300, Limoges, Ontario, K0A 2M0<\/span><\/a><br \/>\n<span style=\"color: #96c93d;\">Contactez-nous :<\/span> <a href=\"mailto:info@santenationhealth.ca\"><span style=\"color: #ffffff;\">info@santenationhealth.ca<\/span><\/a><\/p>\n\n\t<div class=\"clearboth\"><\/div>\n<\/div>\n\n\t<\/div>\n<\/div><\/div><\/div>\t\t\n\t\t<\/div>\t\n\t\t\n<\/div>\n<\/div>\n\t\t\t<\/div>\n\t<\/div>\n<div class=\"vc_row-full-width vc_clearfix\"><\/div><\/div>[\/vc_column][\/vc_row]\n","protected":false},"excerpt":{"rendered":"NOUS AVONS BEAUCOUP \u00c0 VOUS OFFRIR REGARDEZ! NOS SERVICES Sant\u00e9 Nation offre une large gamme de services m\u00e9dicaux, accessibles \u00e0 tous. Prenez un rendez-vous avec votre m\u00e9decin. M\u00e9decine familiale R\u00e9habilitation VOUS AVEZ ENCORE DES QUESTIONS? POSEZ-LES NOUS! DES QUESTIONS CONCERNANT LES FRAIS ? VOIR NOS TARIFS Les heures d'ouverture de notre clinique ont r\u00e9cemment chang\u00e9. [...]","protected":false},"author":1,"featured_media":0,"parent":0,"menu_order":0,"comment_status":"closed","ping_status":"closed","template":"","meta":{"footnotes":""},"class_list":["post-400","page","type-page","status-publish","hentry"],"_links":{"self":[{"href":"https:\/\/santenationhealth.ca\/fr\/wp-json\/wp\/v2\/pages\/400","targetHints":{"allow":["GET"]}}],"collection":[{"href":"https:\/\/santenationhealth.ca\/fr\/wp-json\/wp\/v2\/pages"}],"about":[{"href":"https:\/\/santenationhealth.ca\/fr\/wp-json\/wp\/v2\/types\/page"}],"author":[{"embeddable":true,"href":"https:\/\/santenationhealth.ca\/fr\/wp-json\/wp\/v2\/users\/1"}],"replies":[{"embeddable":true,"href":"https:\/\/santenationhealth.ca\/fr\/wp-json\/wp\/v2\/comments?post=400"}],"version-history":[{"count":17,"href":"https:\/\/santenationhealth.ca\/fr\/wp-json\/wp\/v2\/pages\/400\/revisions"}],"predecessor-version":[{"id":1166,"href":"https:\/\/santenationhealth.ca\/fr\/wp-json\/wp\/v2\/pages\/400\/revisions\/1166"}],"wp:attachment":[{"href":"https:\/\/santenationhealth.ca\/fr\/wp-json\/wp\/v2\/media?parent=400"}],"curies":[{"name":"wp","href":"https:\/\/api.w.org\/{rel}","templated":true}]}}