{"id":394,"date":"2017-07-20T12:55:01","date_gmt":"2017-07-20T12:55:01","guid":{"rendered":"http:\/\/santenationhealth.ca\/clinic\/careers\/"},"modified":"2022-09-08T09:24:31","modified_gmt":"2022-09-08T13:24:31","slug":"carrieres","status":"publish","type":"page","link":"https:\/\/santenationhealth.ca\/fr\/clinique\/carrieres\/","title":{"rendered":"Carri\u00e8res"},"content":{"rendered":"[mk_page_section bg_image=\u00a0\u00bb\/wp-content\/uploads\/2017\/07\/santenationhealth-careers-hero.jpg\u00a0\u00bb bg_position=\u00a0\u00bbcenter center\u00a0\u00bb bg_repeat=\u00a0\u00bbno-repeat\u00a0\u00bb bg_stretch=\u00a0\u00bbtrue\u00a0\u00bb full_height=\u00a0\u00bbtrue\u00a0\u00bb sidebar=\u00a0\u00bbsidebar-1&Prime;][vc_column][mk_fancy_title color=\u00a0\u00bb#ffffff\u00a0\u00bb size=\u00a0\u00bb50&Prime; force_font_size=\u00a0\u00bbtrue\u00a0\u00bb size_smallscreen=\u00a0\u00bb50&Prime; size_tablet=\u00a0\u00bb50&Prime; size_phone=\u00a0\u00bb35&Prime; letter_spacing=\u00a0\u00bb5&Prime; font_family=\u00a0\u00bbnone\u00a0\u00bb responsive_align=\u00a0\u00bbleft\u00a0\u00bb]<span style=\"font-weight: bold;\">VENEZ <\/span>TRAVAILLEZ AVEC NOUS[\/mk_fancy_title][vc_column_text]<span style=\"color: #ffffff;\"><span style=\"font-weight: 300; font-family: Roboto; letter-spacing: 5px; font-size: 35px; line-height: 1.2;\">ON S&rsquo;AMUSE BEAUCOUP!<\/span><\/span>[\/vc_column_text][vc_separator color=\u00a0\u00bbcustom\u00a0\u00bb align=\u00a0\u00bbalign_left\u00a0\u00bb border_width=\u00a0\u00bb5&Prime; el_width=\u00a0\u00bb10&Prime; accent_color=\u00a0\u00bb#96c93d\u00a0\u00bb][\/vc_column][\/mk_page_section][vc_row fullwidth=\u00a0\u00bbtrue\u00a0\u00bb fullwidth_content=\u00a0\u00bbfalse\u00a0\u00bb el_class=\u00a0\u00bbpadding-top-bottom-100&Prime;][vc_column][vc_column_text]\n<h2 class=\"smaller-h2\" style=\"text-align: center;\"><span style=\"font-weight: bold; letter-spacing: 5px; font-size: 20px; line-height: 1.2;\">FAIRE <\/span><span style=\"font-weight: 300; letter-spacing: 5px; font-size: 20px; line-height: 1.2;\">PARTIE D&rsquo;UNE \u00c9QUIPE DE R\u00caVE<\/span><\/h2>\n[\/vc_column_text][vc_separator color=\u00a0\u00bbcustom\u00a0\u00bb border_width=\u00a0\u00bb5&Prime; el_width=\u00a0\u00bb10&Prime; accent_color=\u00a0\u00bb#96c93d\u00a0\u00bb][vc_column_text align=\u00a0\u00bbcenter\u00a0\u00bb el_class=\u00a0\u00bbpadding-top-bottom-30 col-spacing\u00a0\u00bb][\/vc_column_text][\/vc_column][\/vc_row][vc_row el_class=\u00a0\u00bbpadding-bottom-100&Prime;][vc_column el_class=\u00a0\u00bbmin-height-535 padding-bottom-20&Prime; offset=\u00a0\u00bbvc_col-lg-6&Prime;][mk_custom_box min_height=\u00a0\u00bb655&Prime; drop_shadow=\u00a0\u00bbtrue\u00a0\u00bb drop_shadow_distance=\u00a0\u00bb1&Prime; drop_shadow_color=\u00a0\u00bbrgba(0,0,0,0.2)\u00a0\u00bb][vc_row_inner][vc_column_inner width=\u00a0\u00bb1\/2&Prime;][vc_single_image image=\u00a0\u00bb248&Prime; alignment=\u00a0\u00bbcenter\u00a0\u00bb][\/vc_column_inner][vc_column_inner width=\u00a0\u00bb1\/2&Prime;][vc_single_image image=\u00a0\u00bb838&Prime;][\/vc_column_inner][\/vc_row_inner][vc_column_text align=\u00a0\u00bbcenter\u00a0\u00bb]\n<h2 class=\"smaller-h2\">M\u00c9DECINS<\/h2>\n[\/vc_column_text][vc_separator color=\u00a0\u00bbcustom\u00a0\u00bb border_width=\u00a0\u00bb5&Prime; el_width=\u00a0\u00bb20&Prime; accent_color=\u00a0\u00bb#96c93d\u00a0\u00bb][vc_column_text align=\u00a0\u00bbcenter\u00a0\u00bb]Sant\u00e9 Nation offre un environnement de soutien aux m\u00e9decins \u00e0 temps partiel ou \u00e0 temps plein pour leur pratique familiale et \u00e0 divers sp\u00e9cialistes. Nous accueillons \u00e9galement de nouveaux membres dans notre \u00e9quipe de r\u00e9adaptation et de sant\u00e9 mentale. Avec un environnement informatis\u00e9, des installations claires, propres et modernes et un excellent soutien clinique et administratif \u00e0 des taux comp\u00e9titifs, Sant\u00e9 Nation est l\u2019endroit id\u00e9al pour \u00e9tablir sa pratique. Int\u00e9ress\u00e9(e) \u00e0 vous joindre \u00e0 notre \u00e9quipe \u00e0 temps plein ou \u00e0 temps partiel, envoyez-nous un courriel ou appelez nous.[\/vc_column_text][vc_row_inner][vc_column_inner width=\u00a0\u00bb1\/2&Prime;][vc_btn title=\u00a0\u00bbAPPELEZ-NOUS\u00a0\u00bb style=\u00a0\u00bbcustom\u00a0\u00bb custom_background=\u00a0\u00bb#96c93d\u00a0\u00bb custom_text=\u00a0\u00bb#ffffff\u00a0\u00bb shape=\u00a0\u00bbround\u00a0\u00bb size=\u00a0\u00bblg\u00a0\u00bb align=\u00a0\u00bbcenter\u00a0\u00bb link=\u00a0\u00bburl:tel%3A6132314421|||\u00a0\u00bb css=\u00a0\u00bb.vc_custom_1501100057628{margin-bottom: 10px !important;}\u00a0\u00bb][\/vc_column_inner][vc_column_inner width=\u00a0\u00bb1\/2&Prime;][vc_btn title=\u00a0\u00bbENVOYEZ-NOUS UN COURRIEL\u00a0\u00bb style=\u00a0\u00bbcustom\u00a0\u00bb custom_background=\u00a0\u00bb#96c93d\u00a0\u00bb custom_text=\u00a0\u00bb#ffffff\u00a0\u00bb shape=\u00a0\u00bbround\u00a0\u00bb size=\u00a0\u00bblg\u00a0\u00bb align=\u00a0\u00bbcenter\u00a0\u00bb link=\u00a0\u00bburl:mailto%3Ainfo%40santenationhealth.ca|||\u00a0\u00bb css=\u00a0\u00bb.vc_custom_1501100082036{margin-bottom: 10px !important;}\u00a0\u00bb][\/vc_column_inner][\/vc_row_inner][\/mk_custom_box][\/vc_column][vc_column el_class=\u00a0\u00bbmin-height-535 padding-bottom-20&Prime; offset=\u00a0\u00bbvc_col-lg-6&Prime;][mk_custom_box min_height=\u00a0\u00bb655&Prime; drop_shadow=\u00a0\u00bbtrue\u00a0\u00bb drop_shadow_distance=\u00a0\u00bb1&Prime; drop_shadow_color=\u00a0\u00bbrgba(0,0,0,0.2)\u00a0\u00bb][vc_row_inner][vc_column_inner width=\u00a0\u00bb1\/2&Prime;][vc_single_image image=\u00a0\u00bb836&Prime; alignment=\u00a0\u00bbcenter\u00a0\u00bb][\/vc_column_inner][vc_column_inner width=\u00a0\u00bb1\/2&Prime;][vc_single_image image=\u00a0\u00bb14&Prime;][\/vc_column_inner][\/vc_row_inner][vc_column_text align=\u00a0\u00bbcenter\u00a0\u00bb]\n<h2 class=\"smaller-h2\">PERSONNEL ADMINISTRATIF<\/h2>\n[\/vc_column_text][vc_separator color=\u00a0\u00bbcustom\u00a0\u00bb border_width=\u00a0\u00bb5&Prime; el_width=\u00a0\u00bb20&Prime; accent_color=\u00a0\u00bb#96c93d\u00a0\u00bb][vc_column_text align=\u00a0\u00bbcenter\u00a0\u00bb]Sant\u00e9 Nation offre aux r\u00e9ceptionnistes, au personnel administratif, aux infirmier(e)s et infirmier(e) praticien(ne)s \u00e0 temps partiel ou \u00e0 temps plein un environnement de soutien. Int\u00e9ress\u00e9(e) par nos opportunit\u00e9s d\u2019emploi? Veuillez nous envoyer votre curriculum vitae, ainsi qu\u2019une lettre de motivation.[\/vc_column_text][vc_btn title=\u00a0\u00bbENVOYEZ-NOUS UN COURRIEL\u00a0\u00bb style=\u00a0\u00bbcustom\u00a0\u00bb custom_background=\u00a0\u00bb#96c93d\u00a0\u00bb custom_text=\u00a0\u00bb#ffffff\u00a0\u00bb shape=\u00a0\u00bbround\u00a0\u00bb size=\u00a0\u00bblg\u00a0\u00bb align=\u00a0\u00bbcenter\u00a0\u00bb link=\u00a0\u00bburl:mailto%3Ainfo%40santenationhealth.ca|||\u00a0\u00bb css=\u00a0\u00bb.vc_custom_1501100082036{margin-bottom: 10px !important;}\u00a0\u00bb][\/mk_custom_box][\/vc_column][\/vc_row][vc_row fullwidth=\u00a0\u00bbtrue\u00a0\u00bb fullwidth_content=\u00a0\u00bbfalse\u00a0\u00bb disable_element=\u00a0\u00bbyes\u00a0\u00bb][vc_column]<div class=\"templatera_shortcode\"><style type=\"text\/css\" data-type=\"vc_shortcodes-custom-css\">.vc_custom_1500306199785{background-image: url(\/wp-content\/uploads\/2017\/07\/santenationhealth-cta-requestcallback.jpg?id=34) !important;background-position: center !important;background-repeat: no-repeat !important;background-size: cover !important;}.vc_custom_1501696468054{margin-bottom: 10px !important;}<\/style>\n<div  data-mk-full-width=\"true\" data-mk-full-width-init=\"false\" class=\"wpb_row vc_row vc_row-fluid  mk-fullwidth-true  attched-false padding-top-bottom-100 col-spacing   vc_custom_1500306199785  js-master-row \">\n\t\t\t<div class=\"mk-grid\">\n\t\t\t\t\n<div class=\"vc_col-sm-12 wpb_column column_container   _ height-full\">\n\t\n<div id=\"text-block-2\" class=\"mk-text-block   padding-top-bottom-30\">\n\n\t\n\t<p><span style=\"color: #ffffff;\"><span style=\"font-weight: 300; letter-spacing: 5px; font-size: 20px; line-height: 1.2;\">BESOIN D'UN <\/span><span style=\"font-weight: bold; letter-spacing: 5px; font-size: 20px; line-height: 1.2;\">DOCTEUR<\/span><span style=\"font-weight: 300; letter-spacing: 5px; font-size: 20px; line-height: 1.2;\">?<\/span><\/span><\/p>\n\n\t<div class=\"clearboth\"><\/div>\n<\/div>\n\n<div class=\"vc_btn3-container vc_btn3-center vc_custom_1501696468054\" ><a style=\"background-color:#96c93d; color:#ffffff;\" class=\"vc_general vc_btn3 vc_btn3-size-lg vc_btn3-shape-round vc_btn3-style-custom\" href=\"http:\/\/santenationhealth.ca\/fr\/inscription\/\" title=\"\">INSCRIVEZ-VOUS<\/a><\/div><\/div>\n\t\t\t<\/div>\n\t<\/div>\n<div class=\"vc_row-full-width vc_clearfix\"><\/div><\/div>[\/vc_column][\/vc_row][vc_row fullwidth=\u00a0\u00bbtrue\u00a0\u00bb fullwidth_content=\u00a0\u00bbfalse\u00a0\u00bb][vc_column]<div class=\"templatera_shortcode\">\n<div  data-mk-stretch-content=\"true\" class=\"wpb_row vc_row vc_row-fluid  mk-fullwidth-false  attched-false padding-top-bottom-100 col-spacing    js-master-row  mk-grid\">\n\t\t\t\t\n<div class=\"vc_col-sm-12 wpb_column column_container   _ height-full\">\n\t\n<div id=\"text-block-4\" class=\"mk-text-block   \">\n\n\t\n\t<p><span style=\"font-weight: bold; letter-spacing: 5px; font-size: 20px; line-height: 1.2;\">CONTACTEZ-NOUS<\/span><\/p>\n\n\t<div class=\"clearboth\"><\/div>\n<\/div>\n\n<div class=\"vc_separator wpb_content_element vc_separator_align_center vc_sep_width_10 vc_sep_border_width_5 vc_sep_pos_align_center vc_separator_no_text\" ><span class=\"vc_sep_holder vc_sep_holder_l\"><span  style=\"border-color:#96c93d;\" class=\"vc_sep_line\"><\/span><\/span><span class=\"vc_sep_holder vc_sep_holder_r\"><span  style=\"border-color:#96c93d;\" class=\"vc_sep_line\"><\/span><\/span>\n<\/div>\n<div id=\"text-block-5\" class=\"mk-text-block   padding-top-bottom-30\">\n\n\t\n\t<p>Nous vous reviendrons dans les prochaines 24 \u00e0 48 heures. Nous promettons que nous n'allons pas vous oublier!<\/p>\n\n\t<div class=\"clearboth\"><\/div>\n<\/div>\n\n\n<div class=\"wpcf7 no-js\" id=\"wpcf7-f624-o1\" lang=\"en-US\" dir=\"ltr\" data-wpcf7-id=\"624\">\n<div class=\"screen-reader-response\"><p role=\"status\" aria-live=\"polite\" aria-atomic=\"true\"><\/p> <ul><\/ul><\/div>\n<form action=\"\/fr\/wp-json\/wp\/v2\/pages\/394#wpcf7-f624-o1\" method=\"post\" class=\"wpcf7-form init\" aria-label=\"Contact form\" novalidate=\"novalidate\" data-status=\"init\">\n<fieldset class=\"hidden-fields-container\"><input type=\"hidden\" name=\"_wpcf7\" value=\"624\" \/><input type=\"hidden\" name=\"_wpcf7_version\" value=\"6.1.5\" \/><input type=\"hidden\" name=\"_wpcf7_locale\" value=\"en_US\" \/><input type=\"hidden\" name=\"_wpcf7_unit_tag\" value=\"wpcf7-f624-o1\" \/><input type=\"hidden\" name=\"_wpcf7_container_post\" value=\"0\" \/><input type=\"hidden\" name=\"_wpcf7_posted_data_hash\" value=\"\" \/>\n<\/fieldset>\n<div class=\"vc_row\">\n\t<div class=\"vc_col-md-6\">\n\t\t<p><span class=\"wpcf7-form-control-wrap\" data-name=\"fname\"><input size=\"40\" maxlength=\"400\" class=\"wpcf7-form-control wpcf7-text wpcf7-validates-as-required home-form\" aria-required=\"true\" aria-invalid=\"false\" placeholder=\"PR\u00c9NOM\" value=\"\" type=\"text\" name=\"fname\" \/><\/span>\n\t\t<\/p>\n\t<\/div>\n\t<div class=\"vc_col-md-6\">\n\t\t<p><span class=\"wpcf7-form-control-wrap\" data-name=\"lname\"><input size=\"40\" maxlength=\"400\" class=\"wpcf7-form-control wpcf7-text wpcf7-validates-as-required home-form\" aria-required=\"true\" aria-invalid=\"false\" placeholder=\"NOM\" value=\"\" type=\"text\" name=\"lname\" \/><\/span>\n\t\t<\/p>\n\t<\/div>\n<\/div>\n<div class=\"vc_row\">\n\t<div class=\"vc_col-md-6\">\n\t\t<p><span class=\"wpcf7-form-control-wrap\" data-name=\"your-email\"><input size=\"40\" maxlength=\"400\" class=\"wpcf7-form-control wpcf7-email wpcf7-validates-as-required wpcf7-text wpcf7-validates-as-email home-form\" aria-required=\"true\" aria-invalid=\"false\" placeholder=\"COURRIEL\" value=\"\" type=\"email\" name=\"your-email\" \/><\/span>\n\t\t<\/p>\n\t<\/div>\n\t<div class=\"vc_col-md-6\">\n\t\t<p><span class=\"wpcf7-form-control-wrap\" data-name=\"phone\"><input size=\"40\" maxlength=\"400\" class=\"wpcf7-form-control wpcf7-tel wpcf7-validates-as-required wpcf7-text wpcf7-validates-as-tel home-form\" aria-required=\"true\" aria-invalid=\"false\" placeholder=\"NUM\u00c9RO DE T\u00c9L\u00c9PHONE\" value=\"\" type=\"tel\" name=\"phone\" \/><\/span>\n\t\t<\/p>\n\t<\/div>\n<\/div>\n<div class=\"vc_row\">\n\t<div class=\"vc_col-md-12\">\n\t\t<p><span class=\"wpcf7-form-control-wrap\" data-name=\"question\"><textarea cols=\"40\" rows=\"5\" maxlength=\"2000\" class=\"wpcf7-form-control wpcf7-textarea wpcf7-validates-as-required home-form\" aria-required=\"true\" aria-invalid=\"false\" placeholder=\"VOTRE MESSAGE\" name=\"question\"><\/textarea><\/span>\n\t\t<\/p>\n\t<\/div>\n\t<div class=\"vc_col-md-12\" style=\"text-align:center;\">\n\t\t<p><input class=\"wpcf7-form-control wpcf7-submit has-spinner\" type=\"submit\" value=\"ENVOYER\" \/>\n\t\t<\/p>\n\t<\/div>\n<\/div><input type=\"hidden\" id=\"ct_checkjs_cf7_5487315b1286f907165907aa8fc96619\" name=\"ct_checkjs_cf7\" value=\"0\" \/><script >setTimeout(function(){var ct_input_name = \"ct_checkjs_cf7_5487315b1286f907165907aa8fc96619\";if (document.getElementById(ct_input_name) !== null) {var ct_input_value = document.getElementById(ct_input_name).value;document.getElementById(ct_input_name).value = document.getElementById(ct_input_name).value.replace(ct_input_value, '2091812630');}}, 1000);<\/script><input\n                    class=\"apbct_special_field apbct_email_id__wp_contact_form_7\"\n                    name=\"apbct__email_id__wp_contact_form_7\"\n                    aria-label=\"apbct__label_id__wp_contact_form_7\"\n                    type=\"text\" size=\"30\" maxlength=\"200\" autocomplete=\"off\"\n                    value=\"\"\n                \/><div class=\"wpcf7-response-output\" aria-hidden=\"true\"><\/div>\n<\/form>\n<\/div>\n<\/div>\n\t<\/div>\n<\/div>[\/vc_column][\/vc_row][vc_row fullwidth=\u00a0\u00bbtrue\u00a0\u00bb fullwidth_content=\u00a0\u00bbfalse\u00a0\u00bb][vc_column]<div class=\"templatera_shortcode\"><style type=\"text\/css\" data-type=\"vc_shortcodes-custom-css\">.vc_custom_1680693187757{padding-top: 40px !important;padding-bottom: 40px !important;}.vc_custom_1500311213789{background-color: #262626 !important;}.vc_custom_1680693142146{margin-bottom: 0px !important;}.vc_custom_1500316593875{background-color: #ffffff !important;}.vc_custom_1500317359194{background-image: url(\/wp-content\/uploads\/2017\/07\/santenationhealth-cta-requestcallback.jpg?id=34) !important;background-position: center !important;background-repeat: no-repeat !important;background-size: cover !important;}.vc_custom_1500316710441{padding-top: 32px !important;padding-bottom: 31px !important;}.vc_custom_1680693175638{margin-bottom: 0px !important;}.vc_custom_1663091292702{margin-bottom: 0px !important;}.vc_custom_1510683859277{margin-bottom: 0px !important;}<\/style>\n<div  data-mk-stretch-content=\"true\" class=\"wpb_row vc_row vc_row-fluid  mk-fullwidth-false  attched-false    vc_custom_1680693187757  js-master-row  mk-grid\">\n\t\t\t\t\n<div class=\"vc_col-sm-12 wpb_column column_container   _ height-full\">\n\t\t<div class=\" vc_custom_1680693142146\">\n\n<div id=\"text-block-7\" class=\"mk-text-block   \">\n\n\t\n\t<p style=\"text-align: center; font-size: 22px;\"><strong>Les heures d'ouverture de notre clinique ont r\u00e9cemment chang\u00e9. Veuillez consulter notre page <a href=\"https:\/\/santenationhealth.ca\/fr\/contact\/\">Contactez-nous<\/a> pour plus d'informations.<\/strong><\/p>\n\n\t<div class=\"clearboth\"><\/div>\n<\/div>\n\n\t<\/div>\n<\/div>\n\t<\/div>\n\n<div  data-mk-stretch-content=\"true\" class=\"wpb_row vc_row vc_row-fluid  mk-fullwidth-false  attched-false     js-master-row  mk-grid\">\n\t\t\t\t\n<div class=\"vc_col-sm-10 vc_col-lg-offset-2 vc_col-lg-8 vc_col-md-offset-1 vc_col-md-10 vc_col-sm-offset-1 vc_col-xs-offset-1 vc_col-xs-10 wpb_column column_container   _ height-full\">\n\t\n\n<div class=\"wpb_row vc_inner vc_row vc_row-fluid  custom-venue-address min-height-250  attched-false   vc_custom_1500316593875 \">\n\t\t\n\t\t<div class=\"wpb_column vc_column_container vc_col-sm-6 vc_hidden-xs vc_col-has-fill\"><div class=\"vc_column-inner vc_custom_1500317359194\"><div class=\"wpb_wrapper\">\n<div id=\"text-block-9\" class=\"mk-text-block   col-spacing\">\n\n\t\n\t<p><span style=\"font-weight: bold; letter-spacing: 5px; font-size: 20px; line-height: 1.2; color: #ffffff;\">PRENEZ UN RENDEZ-VOUS<\/span><\/p>\n\n\t<div class=\"clearboth\"><\/div>\n<\/div>\n\n\n<div id=\"text-block-10\" class=\"mk-text-block   col-spacing padding-top-bottom-30\">\n\n\t\n\t<p><span style=\"color: #ffffff;\">Nous sommes l\u00e0 pour vous aider.<\/span><\/p>\n\n\t<div class=\"clearboth\"><\/div>\n<\/div>\n\n<div class=\"vc_btn3-container vc_btn3-center\" ><a class=\"vc_general vc_btn3 vc_btn3-size-md vc_btn3-shape-round vc_btn3-style-outline vc_btn3-color-white\" href=\"http:\/\/santenationhealth.ca\/fr\/rendez-vous\/\" title=\"\">CLIQUEZ-ICI<\/a><\/div><\/div><\/div><\/div><div class=\"wpb_column vc_column_container vc_col-sm-6 vc_hidden-xs\"><div class=\"vc_column-inner vc_custom_1500316710441\"><div class=\"wpb_wrapper\">\n<div id=\"text-block-11\" class=\"mk-text-block   \">\n\n\t\n\t<h3 class=\"smaller-h2\"><span style=\"text-align: center; font-weight: bold; letter-spacing: 5px; font-size: 20px; line-height: 1.2;\">HEURES D'OUVERTURE<\/span><\/h3>\n\n\t<div class=\"clearboth\"><\/div>\n<\/div>\n\n\t<div class=\" vc_custom_1680693175638\">\n\n<div id=\"text-block-12\" class=\"mk-text-block   \">\n\n\t\n\t<p>Du lundi au jeudi - de 8h00 \u00e0 20h00<br \/>\nVendredi - 8h00 \u00e0 16h00<br \/>\nSamedi - de 9h00 \u00e0 12h00<br \/>\nDimanche - Ferm\u00e9<br \/>\n<em>La clinique est ferm\u00e9e entre 12h00 et 13h00 pour l'heure du d\u00eener.<\/em><\/p>\n\n\t<div class=\"clearboth\"><\/div>\n<\/div>\n\n\t<\/div>\n<\/div><\/div><\/div>\t\t\n<\/div>\n<\/div>\n\t<\/div>\n\n<div  data-mk-full-width=\"true\" data-mk-full-width-init=\"false\" class=\"wpb_row vc_row vc_row-fluid  mk-fullwidth-true  attched-false padding-top-bottom-100   vc_custom_1500311213789  js-master-row \">\n\t\t\t<div class=\"mk-grid\">\n\t\t\t\t\n<div class=\"vc_col-sm-12 wpb_column column_container   _ height-full\">\n\t\n\n<div class=\"wpb_row vc_inner vc_row vc_row-fluid    attched-false   \">\n\t\t\t\t<div class=\"mk-grid\">\n\t\t\n\t\t<div class=\"wpb_column vc_column_container vc_col-sm-5\"><div class=\"vc_column-inner\"><div class=\"wpb_wrapper\">\n\t<div  class=\"wpb_single_image wpb_content_element vc_align_left\">\n\t\t\n\t\t<figure class=\"wpb_wrapper vc_figure\">\n\t\t\t<div class=\"vc_single_image-wrapper   vc_box_border_grey\"><img loading=\"lazy\" decoding=\"async\" width=\"295\" height=\"94\" src=\"https:\/\/santenationhealth.ca\/wp-content\/uploads\/2017\/07\/nation-health-logo-footer-1.png\" class=\"vc_single_image-img attachment-full\" alt=\"\" title=\"Nation Health Logo Footer\" itemprop=\"image\" \/><\/div>\n\t\t<\/figure>\n\t<\/div>\n<div class=\"vc_icon_element vc_icon_element-outer vc_icon_element-align-left vc_icon_element-have-style\"><div class=\"vc_icon_element-inner vc_icon_element-color-black vc_icon_element-have-style-inner vc_icon_element-size-xs vc_icon_element-style-rounded vc_icon_element-background vc_icon_element-background-color-white\" ><span class=\"vc_icon_element-icon fa fa-facebook\" ><\/span><\/div><\/div><\/div><\/div><\/div><div class=\"wpb_column vc_column_container vc_col-sm-3\"><div class=\"vc_column-inner\"><div class=\"wpb_wrapper\">\t<div class=\" vc_custom_1663091292702\">\n\n<div id=\"text-block-14\" class=\"mk-text-block   \">\n\n\t\n\t<p><span style=\"color: #ffffff;\">NAVIGATION<\/span><\/p>\n<p><a href=\"\/fr\/rendez-vous\/\"><span style=\"color: #ffffff;\">Rendez-vous<\/span><\/a><br \/>\n<a href=\"\/fr\/rendez-vous\/\"><span style=\"color: #96c93d;\"> \u00a0 \u00a0 \u2013 Prenez un rendez-vous!<\/span><\/a><br \/>\n<a href=\"\/fr\/services\/\"><span style=\"color: #ffffff;\"> Services<\/span><\/a><br \/>\n<a href=\"\/fr\/clinique\/\"><span style=\"color: #ffffff;\"> Clinique<\/span><\/a><br \/>\n<a href=\"\/fr\/annonce-importante-patients-du-dr-samson-dr-taheraly\/\"><span style=\"color: #ffffff;\"> Annonces<\/span><\/a><\/p>\n\n\t<div class=\"clearboth\"><\/div>\n<\/div>\n\n\t<\/div>\n<\/div><\/div><\/div><div class=\"wpb_column vc_column_container vc_col-sm-4\"><div class=\"vc_column-inner\"><div class=\"wpb_wrapper\">\t<div class=\" vc_custom_1510683859277\">\n\n<div id=\"text-block-15\" class=\"mk-text-block   \">\n\n\t\n\t<p><span style=\"color: #ffffff;\">INFORMATION<\/span><\/p>\n<p><span style=\"color: #96c93d;\">Appelez-nous :<\/span> <a href=\"tel:6137149899\"><span style=\"color: #ffffff;\">+1 (613) 714-9899<\/span><\/a><br \/>\n<span style=\"color: #96c93d;\">Envoyez-nous une t\u00e9l\u00e9copie :<\/span> <a href=\"tel:6132122233\"><span style=\"color: #ffffff;\">+1 (613) 212-2233<\/span><\/a><br \/>\n<span style=\"color: #96c93d;\">Visitez-nous :<\/span> <a href=\"https:\/\/www.google.ca\/maps\/place\/601+Limoges+Rd+%23300,+Limoges,+ON+K0A+2M0\/@45.3263051,-75.251274,17z\/data=!3m1!4b1!4m5!3m4!1s0x4cce7a20ab383eff:0xbe95a49a0459fc9c!8m2!3d45.3263051!4d-75.2490853\"><span style=\"color: #ffffff;\">601 Limoges Road, suite 300, Limoges, Ontario, K0A 2M0<\/span><\/a><br \/>\n<span style=\"color: #96c93d;\">Contactez-nous :<\/span> <a href=\"mailto:info@santenationhealth.ca\"><span style=\"color: #ffffff;\">info@santenationhealth.ca<\/span><\/a><\/p>\n\n\t<div class=\"clearboth\"><\/div>\n<\/div>\n\n\t<\/div>\n<\/div><\/div><\/div>\t\t\n\t\t<\/div>\t\n\t\t\n<\/div>\n<\/div>\n\t\t\t<\/div>\n\t<\/div>\n<div class=\"vc_row-full-width vc_clearfix\"><\/div><\/div>[\/vc_column][\/vc_row]\n","protected":false},"excerpt":{"rendered":"VENEZ TRAVAILLEZ AVEC NOUS ON S'AMUSE BEAUCOUP! FAIRE PARTIE D'UNE \u00c9QUIPE DE R\u00caVE M\u00c9DECINS Sant\u00e9 Nation offre un environnement de soutien aux m\u00e9decins \u00e0 temps partiel ou \u00e0 temps plein pour leur pratique familiale et \u00e0 divers sp\u00e9cialistes. Nous accueillons \u00e9galement de nouveaux membres dans notre \u00e9quipe de r\u00e9adaptation et de sant\u00e9 mentale. Avec un [...]","protected":false},"author":1,"featured_media":0,"parent":391,"menu_order":0,"comment_status":"closed","ping_status":"closed","template":"","meta":{"footnotes":""},"class_list":["post-394","page","type-page","status-publish","hentry"],"_links":{"self":[{"href":"https:\/\/santenationhealth.ca\/fr\/wp-json\/wp\/v2\/pages\/394","targetHints":{"allow":["GET"]}}],"collection":[{"href":"https:\/\/santenationhealth.ca\/fr\/wp-json\/wp\/v2\/pages"}],"about":[{"href":"https:\/\/santenationhealth.ca\/fr\/wp-json\/wp\/v2\/types\/page"}],"author":[{"embeddable":true,"href":"https:\/\/santenationhealth.ca\/fr\/wp-json\/wp\/v2\/users\/1"}],"replies":[{"embeddable":true,"href":"https:\/\/santenationhealth.ca\/fr\/wp-json\/wp\/v2\/comments?post=394"}],"version-history":[{"count":11,"href":"https:\/\/santenationhealth.ca\/fr\/wp-json\/wp\/v2\/pages\/394\/revisions"}],"predecessor-version":[{"id":956,"href":"https:\/\/santenationhealth.ca\/fr\/wp-json\/wp\/v2\/pages\/394\/revisions\/956"}],"up":[{"embeddable":true,"href":"https:\/\/santenationhealth.ca\/fr\/wp-json\/wp\/v2\/pages\/391"}],"wp:attachment":[{"href":"https:\/\/santenationhealth.ca\/fr\/wp-json\/wp\/v2\/media?parent=394"}],"curies":[{"name":"wp","href":"https:\/\/api.w.org\/{rel}","templated":true}]}}